{"id":2,"date":"2016-05-15T02:27:57","date_gmt":"2016-05-14T23:27:57","guid":{"rendered":"https:\/\/treiberneu.com\/?page_id=2"},"modified":"2025-10-19T10:39:14","modified_gmt":"2025-10-19T07:39:14","slug":"sample-page","status":"publish","type":"page","link":"https:\/\/treiberneu.com\/","title":{"rendered":"TreiberNeu \u2013 Kostenlose Hilfe bei Treibern &#038; Software"},"content":{"rendered":"<p>TreiberNeu hilft Ihnen, <strong>Originaltreiber und Software sicher zu finden, zu installieren und zu aktualisieren<\/strong> \u2013 kostenlos, unabh\u00e4ngig und ohne Risiko. Unsere Schritt-f\u00fcr-Schritt-Anleitungen zeigen Ihnen, wie Sie die richtigen Treiber f\u00fcr Ihr Ger\u00e4t und Betriebssystem ausw\u00e4hlen, installieren und aktualisieren.<\/p>\n<h2>Unabh\u00e4ngige Hilfe f\u00fcr alle Ger\u00e4te<\/h2>\n<p>Ob Drucker, Scanner, Monitor, Laptop oder PC \u2013 TreiberNeu bietet klare und praxisnahe L\u00f6sungen f\u00fcr die h\u00e4ufigsten Probleme bei der Einrichtung oder nach Systemupdates. Wir zeigen Ihnen, wie Sie Fehler wie \u201eGer\u00e4t nicht erkannt\u201c oder \u201eTreiber nicht kompatibel\u201c schnell und dauerhaft beheben.<\/p>\n<h2>Fokus auf Sicherheit &amp; Zuverl\u00e4ssigkeit<\/h2>\n<p>TreiberNeu ist keine Download-Seite f\u00fcr modifizierte Software. Stattdessen verlinken wir ausschlie\u00dflich auf offizielle Supportseiten der Hersteller, um maximale Sicherheit zu gew\u00e4hrleisten. So vermeiden Sie Schadsoftware, veraltete Versionen oder inkompatible Installationsdateien.<\/p>\n<p>Unsere Redaktion \u00fcberpr\u00fcft regelm\u00e4\u00dfig alle externen Links und aktualisiert Anleitungen, sobald sich die Installationsroutinen oder Betriebssystemversionen \u00e4ndern.<\/p>\n<h2>Schritt-f\u00fcr-Schritt erkl\u00e4rt<\/h2>\n<p>Unsere Artikel sind so gestaltet, dass auch Anf\u00e4nger ohne technisches Vorwissen problemlos folgen k\u00f6nnen.<br \/>\nWir erkl\u00e4ren Fachbegriffe, zeigen Screenshots (wo relevant) und geben Hinweise zu alternativen Installationswegen \u2013 z. B. \u00fcber den Ger\u00e4te-Manager oder INF-Dateien.<\/p>\n<h2>Unterst\u00fctzung bei Windows, macOS und mehr<\/h2>\n<p>TreiberNeu deckt alle g\u00e4ngigen Betriebssysteme ab:<\/p>\n<ul>\n<li>Windows 10 \/ 11<\/li>\n<li>macOS (inkl. M1\/M2-Kompatibilit\u00e4t)<\/li>\n<li>Linux-Distributionen mit manuell installierbaren Paketen<\/li>\n<\/ul>\n<p>Zudem finden Sie bei uns Tipps zur Problembehebung nach gr\u00f6\u00dferen Systemupdates oder beim Wechsel auf eine neue Hardwareplattform.<\/p>\n<h2>Erweiterte Themen &amp; Tools<\/h2>\n<p>Neben klassischen Treiberanleitungen bietet TreiberNeu auch <strong>Hilfestellungen zu Zusatzsoftware und Tools<\/strong>, etwa:<\/p>\n<table style=\"border-collapse: collapse; width: 100%;\">\n<tbody>\n<tr>\n<td style=\"width: 100%;\"><img loading=\"lazy\" decoding=\"async\" class=\"size-full wp-image-59107 alignleft\" src=\"https:\/\/treiberneu.com\/wp-content\/uploads\/2023\/11\/Treiber.webp\" alt=\"Installieren eines Treibers f\u00fcr ein Computerger\u00e4t\" width=\"80\" height=\"65\" \/><a href=\"https:\/\/treiberneu.com\/?p=27463\">So installieren Sie den Treiber, wenn keine setup.exe-Datei vorhanden ist<\/a>, und wie Sie den Treiber mithilfe der .INF-Datei installieren. In diesem Fall \u00f6ffnen Sie die heruntergeladene Datei, die den Treiber enthalten soll, und verwenden Sie die .INF-Datei zur Installation. In diesem Artikel zeigen wir Ihnen, wie Sie einen Treiber mithilfe einer .INF-Datei installieren.<\/td>\n<\/tr>\n<tr>\n<td style=\"width: 100%;\"><img loading=\"lazy\" decoding=\"async\" class=\"size-full wp-image-59108 alignleft\" src=\"https:\/\/treiberneu.com\/wp-content\/uploads\/2023\/11\/software.webp\" alt=\"Erforderliche PC-Software\" width=\"80\" height=\"65\" \/><a href=\"https:\/\/treiberneu.com\/?p=26720\">Unverzichtbare Software f\u00fcr jeden Computer<\/a>. Wenn Sie einen neuen Computer gekauft oder das Betriebssystem neu installiert haben, dann finden Sie auf dieser Seite der Website alle notwendige Software und Anweisungen f\u00fcr ihre Installation. Software f\u00fcr Computer mit dem Windows-Betriebssystem.<\/td>\n<\/tr>\n<tr>\n<td style=\"width: 100%;\"><img loading=\"lazy\" decoding=\"async\" class=\"size-full wp-image-59109 alignleft\" src=\"https:\/\/treiberneu.com\/wp-content\/uploads\/2023\/11\/Scanner.webp\" alt=\"Scannersoftware\" width=\"80\" height=\"80\" \/><a href=\"https:\/\/treiberneu.com\/?p=39042\">Wenn Sie keine Scanner-Software finden k\u00f6nnen<\/a> oder nicht wissen, wie Sie Ihren Scanner zum Scannen von Dokumenten und Fotos verwenden k\u00f6nnen. Dieses Problem tritt auf, weil einige Scanner und Multifunktionsger\u00e4te nur \u00fcber Treiber, aber nicht \u00fcber eine spezielle Software zur Steuerung des Scanners verf\u00fcgen.<\/td>\n<\/tr>\n<tr>\n<td style=\"width: 100%;\"><img loading=\"lazy\" decoding=\"async\" class=\"size-full wp-image-56900 alignleft\" src=\"https:\/\/treiberneu.com\/wp-content\/uploads\/2023\/08\/tote-Pixel.jpg\" alt=\"tote Pixel\" width=\"80\" height=\"80\" \/><a href=\"https:\/\/treiberneu.com\/?p=56888\">So \u00fcberpr\u00fcfen Sie, ob auf einem Fernsehbildschirm oder Computermonitor tote Pixel vorhanden sind.<\/a> Bevor Sie einen Fernseher oder Computermonitor kaufen, sollten Sie ihn auf tote Pixel und andere M\u00e4ngel \u00fcberpr\u00fcfen. Laden Sie dazu Bilder von verschiedenen Farben auf einen USB-Stick herunter. Zur \u00dcberpr\u00fcfung ben\u00f6tigen Sie Bilder in Rot, Gr\u00fcn und Blau, da Pixel nur in diesen drei Farben vorkommen.<\/td>\n<\/tr>\n<tr>\n<td style=\"width: 100%;\"><img loading=\"lazy\" decoding=\"async\" class=\"size-full wp-image-46599 alignleft\" src=\"https:\/\/treiberneu.com\/wp-content\/uploads\/2023\/01\/30190.png\" alt=\"Maximale Temperatur f\u00fcr NVIDIA\" width=\"80\" height=\"80\" \/><a href=\"https:\/\/treiberneu.com\/?p=39110\">Maximale Temperatur f\u00fcr NVIDIA GeForce-Grafikkarten<\/a>. Grafikkartentemperaturen liegen typischerweise zwischen 40\u00b0C und 90\u00b0C. Grafikkarten k\u00f6nnen unter starker Belastung hohe Temperaturen erreichen. NVIDIA-GPUs sind so konzipiert, dass sie bis zu ihrer maximal angegebenen Betriebstemperatur zuverl\u00e4ssig funktionieren. Diese maximale Temperatur variiert je nach GPU.<\/td>\n<\/tr>\n<\/tbody>\n<\/table>\n<p><img loading=\"lazy\" decoding=\"async\" class=\"alignleft wp-image-16723 size-full\" title=\"Treiber - Computerprogramm\" src=\"https:\/\/treiberneu.com\/wp-content\/uploads\/2016\/05\/Treiber-f_C3_BCr-PC.jpg\" alt=\"Treiber f\u00fcr Computer\" width=\"300\" height=\"200\" srcset=\"https:\/\/treiberneu.com\/wp-content\/uploads\/2016\/05\/Treiber-f_C3_BCr-PC.jpg 300w, https:\/\/treiberneu.com\/wp-content\/uploads\/2016\/05\/Treiber-f_C3_BCr-PC-260x173.jpg 260w, https:\/\/treiberneu.com\/wp-content\/uploads\/2016\/05\/Treiber-f_C3_BCr-PC-160x107.jpg 160w\" sizes=\"auto, (max-width: 300px) 100vw, 300px\" \/>Ihre Hilfe ist kostenlos \u2013 Ihre Sicherheit steht an erster Stelle<\/p>\n<p>Wir verlangen keine Registrierung und keine Zahlung. Alle Inhalte sind frei zug\u00e4nglich und ausschlie\u00dflich darauf ausgelegt, Ihnen zu helfen.<\/p>\n<p>Falls Sie dennoch Unterst\u00fctzung ben\u00f6tigen, nutzen Sie unser <a href=\"https:\/\/treiberneu.com\/?page_id=13742\" target=\"_blank\" rel=\"noopener\">Kontaktformular<\/a> \u2013 wir helfen Ihnen pers\u00f6nlich weiter.<\/p>\n<p>TreiberNeu \u2013 weil Technik einfach funktionieren sollte.<\/p>\n<p>Wir hoffen, dass unsere Website wird Ihnen bei der L\u00f6sung von Problemen von Interesse zu helfen.<br \/>\n<img loading=\"lazy\" decoding=\"async\" class=\"alignleft wp-image-16724 size-full\" title=\"Computerprogramm\" src=\"https:\/\/treiberneu.com\/wp-content\/uploads\/2016\/05\/Anwendungen-f_C3_BCr-Ihren-PC.jpg\" alt=\"Computerprogramm\" width=\"300\" height=\"200\" srcset=\"https:\/\/treiberneu.com\/wp-content\/uploads\/2016\/05\/Anwendungen-f_C3_BCr-Ihren-PC.jpg 300w, https:\/\/treiberneu.com\/wp-content\/uploads\/2016\/05\/Anwendungen-f_C3_BCr-Ihren-PC-260x173.jpg 260w, https:\/\/treiberneu.com\/wp-content\/uploads\/2016\/05\/Anwendungen-f_C3_BCr-Ihren-PC-160x107.jpg 160w\" sizes=\"auto, (max-width: 300px) 100vw, 300px\" \/><\/p>\n<p>Thematische Abschnitte der Website: <a href=\"https:\/\/treiberneu.com\/?cat=44\">A4Tech Treiber<\/a> \/ <a href=\"https:\/\/treiberneu.com\/?cat=96\">Acer Notebook<\/a> \/ <a href=\"https:\/\/treiberneu.com\/?cat=30\">Antworten Treiber<\/a> \/ <a href=\"https:\/\/treiberneu.com\/?cat=66\">AOC Treiber f\u00fcr Monitor<\/a> \/ <a href=\"https:\/\/treiberneu.com\/?cat=62\">ASUS Notebook<\/a> \/ <a href=\"https:\/\/treiberneu.com\/?cat=40\">BenQ Treiber<\/a> \/\u00a0<a href=\"https:\/\/treiberneu.com\/?cat=6\">Brother Druckertreiber<\/a> \/ <a href=\"https:\/\/treiberneu.com\/?cat=2\">Canon Drucker Scanner<\/a> \/ <a href=\"https:\/\/treiberneu.com\/?cat=48\">Cougar Treiber<\/a> \/ <a href=\"https:\/\/treiberneu.com\/?cat=31\">DEXP Notebook<\/a> \/ <a href=\"https:\/\/treiberneu.com\/?cat=46\">DNP Druckertreiber<\/a> \/ <a href=\"https:\/\/treiberneu.com\/?cat=16\">Epson Druckertreiber<\/a> \/ <a href=\"https:\/\/treiberneu.com\/?cat=69\">Epson Scanner<\/a> \/ <a href=\"https:\/\/treiberneu.com\/?cat=12\">Fujitsu Treiber<\/a> \/\u00a0<a href=\"https:\/\/treiberneu.com\/?cat=47\">Genius Treiber<\/a> \/ <a href=\"https:\/\/treiberneu.com\/?cat=57\">HAVIT Treiber<\/a> \/ <a href=\"https:\/\/treiberneu.com\/?cat=21\">HP Druckertreiber<\/a> \/ <a href=\"https:\/\/treiberneu.com\/?cat=56\">HP Notebook<\/a> \/ <a href=\"https:\/\/treiberneu.com\/?cat=74\">HyperX Software<\/a> \/ <a href=\"https:\/\/treiberneu.com\/?cat=37\">Kyocera Druckertreiber<\/a> \/ <a href=\"https:\/\/treiberneu.com\/?cat=15\">Lenovo Notebook<\/a> \/ <a href=\"https:\/\/treiberneu.com\/?cat=17\">Lexmark Druckertreiber<\/a> \/ <a href=\"https:\/\/treiberneu.com\/?cat=9\">Lite-ON (LITEON)<\/a> \/ <a href=\"https:\/\/treiberneu.com\/?cat=27\">Logitech Treiber<\/a> \/ <a href=\"https:\/\/treiberneu.com\/?cat=55\">Machenike Notebook<\/a> \/ <a href=\"https:\/\/treiberneu.com\/?cat=25\">MEDION Notebook<\/a> \/\u00a0<a href=\"https:\/\/treiberneu.com\/?cat=58\">Mionix Treiber<\/a> \/ <a href=\"https:\/\/treiberneu.com\/?cat=60\">Mitsubishi Treiber<\/a> \/ <a href=\"https:\/\/treiberneu.com\/?cat=32\">MSI Notebook<\/a> \/ <a href=\"https:\/\/treiberneu.com\/?cat=45\">Mustek Treiber<\/a> \/ <a href=\"https:\/\/treiberneu.com\/?cat=34\">NVIDIA GeForce<\/a> \/ <a href=\"https:\/\/treiberneu.com\/?cat=35\">NVIDIA Quadro<\/a> \/ <a href=\"https:\/\/treiberneu.com\/?cat=76\">ORICO Treiber<\/a> \/ <a href=\"https:\/\/treiberneu.com\/?cat=4\">Panasonic Druckertreiber<\/a> \/ <a href=\"https:\/\/treiberneu.com\/?cat=33\">Pantum Druckertreiber<\/a> \/ <a href=\"https:\/\/treiberneu.com\/?cat=28\">Razer Treiber<\/a> \/ <a href=\"https:\/\/treiberneu.com\/?cat=14\">Ricoh Druckertreiber<\/a> \/ <a href=\"https:\/\/treiberneu.com\/?cat=23\">Samsung Druckertreiber<\/a> \/ <a href=\"https:\/\/treiberneu.com\/?cat=70\">SATO Druckertreiber<\/a> \/ <a href=\"https:\/\/treiberneu.com\/?cat=54\">SEYPOS Treiber<\/a> \/ <a href=\"https:\/\/treiberneu.com\/?cat=1\">Software Herunterladen<\/a> \/ <a href=\"https:\/\/treiberneu.com\/?cat=50\">ThunderX3 Treiber<\/a> \/ <a href=\"https:\/\/treiberneu.com\/?cat=20\">TOSHIBA Druckertreiber<\/a> \/ <a href=\"https:\/\/treiberneu.com\/?cat=38\">Universal-Treiber<\/a> \/ <a href=\"https:\/\/treiberneu.com\/?cat=36\">VIA Treiber<\/a> \/ <a href=\"https:\/\/treiberneu.com\/?cat=51\">Wacom Treiber<\/a> \/ <a href=\"https:\/\/treiberneu.com\/?cat=63\">Windows<\/a> \/ <a href=\"https:\/\/treiberneu.com\/?cat=18\">Xerox Druckertreiber<\/a> \/ <a href=\"https:\/\/treiberneu.com\/?cat=53\">XP-Pen Treiber<\/a> \/ <a href=\"https:\/\/treiberneu.com\/wp-content\/uploads\/2020\/02\/hardware.jpg\" target=\"_blank\" rel=\"noopener\">Computerhardware<\/a> \/ <a href=\"https:\/\/treiberneu.com\/wp-content\/uploads\/2020\/12\/Betriebssystem.jpg\" target=\"_blank\" rel=\"noopener\">Betriebssysteme<\/a> \/ <a href=\"https:\/\/treiberneu.com\/wp-content\/uploads\/2020\/02\/Treiber.pdf\" target=\"_blank\" rel=\"noopener noreferrer\">Treiber<\/a> \/ <a href=\"https:\/\/treiberneu.com\/wp-content\/uploads\/2020\/02\/Software.pdf\" target=\"_blank\" rel=\"noopener noreferrer\">Software<\/a> \/ <a href=\"https:\/\/treiberneu.com\/wp-content\/uploads\/2020\/02\/hardware.pdf\" target=\"_blank\" rel=\"noopener noreferrer\">Hardware<\/a> \/ <a href=\"https:\/\/treiberneu.com\/wp-content\/uploads\/2020\/03\/Treiber.zip\" rel=\"noopener noreferrer\">Treiber<\/a> \/\u00a0<a href=\"https:\/\/treiberneu.com\/wp-content\/uploads\/2020\/02\/Treiber-und-Software.zip\">Treibers<\/a><\/p>\n<p><script type=\"application\/ld+json\">\n{\n  \"@context\": \"https:\/\/schema.org\",\n  \"@type\": \"WebPage\",\n  \"url\": \"https:\/\/treiberneu.com\/\",\n  \"mainEntityOfPage\": {\n    \"@type\": \"WebPage\",\n    \"@id\": \"https:\/\/treiberneu.com\/\"\n  },\n  \"headline\": \"TreiberNeu \u2013 Kostenlose Hilfe bei Treibern & Software\",\n  \"inLanguage\": \"de\",\n  \"dateModified\": \"2025-10-19\",\n  \"description\": \"TreiberNeu bietet kostenlose, unabh\u00e4ngige Hilfe zur Installation von Originaltreibern. Anleitungen f\u00fcr Drucker, Scanner, Laptops und mehr \u2013 Schritt f\u00fcr Schritt erkl\u00e4rt.\",\n  \"isPartOf\": {\n    \"@type\": \"WebSite\",\n    \"name\": \"TreiberNeu\",\n    \"url\": \"https:\/\/treiberneu.com\"\n  },\n  \"publisher\": {\n    \"@type\": \"Organization\",\n    \"name\": \"TreiberNeu\",\n    \"url\": \"https:\/\/treiberneu.com\",\n    \"logo\": {\n      \"@type\": \"ImageObject\",\n      \"url\": \"https:\/\/treiberneu.com\/wp-content\/uploads\/2023\/11\/treiberneu.webp\"\n    }\n  }\n}\n<\/script><\/p>\n<div class=\"social-share-buttons\"><a href=\"https:\/\/www.facebook.com\/sharer\/sharer.php?u=https:\/\/treiberneu.com\/\" target=\"_blank\" rel=\"noopener\">Facebook<\/a><a href=\"https:\/\/twitter.com\/intent\/tweet?url=https:\/\/treiberneu.com\/&text=TreiberNeu+%E2%80%93+Kostenlose+Hilfe+bei+Treibern+%26+Software\" target=\"_blank\" rel=\"noopener\">Twitter<\/a><a href=\"https:\/\/www.linkedin.com\/shareArticle?url=https:\/\/treiberneu.com\/&title=TreiberNeu+%E2%80%93+Kostenlose+Hilfe+bei+Treibern+%26+Software\" target=\"_blank\" rel=\"noopener\">LinkedIn<\/a><a href=\"https:\/\/pinterest.com\/pin\/create\/button\/?url=https:\/\/treiberneu.com\/&description=TreiberNeu+%E2%80%93+Kostenlose+Hilfe+bei+Treibern+%26+Software\" target=\"_blank\" rel=\"noopener\">Pinterest<\/a><\/div>","protected":false},"excerpt":{"rendered":"<p>TreiberNeu hilft Ihnen, Originaltreiber und Software sicher zu finden, zu installieren und zu aktualisieren \u2013 kostenlos, unabh\u00e4ngig und ohne Risiko. Unsere Schritt-f\u00fcr-Schritt-Anleitungen zeigen Ihnen, wie Sie die richtigen Treiber f\u00fcr Ihr Ger\u00e4t und Betriebssystem ausw\u00e4hlen, installieren und aktualisieren. Unabh\u00e4ngige Hilfe&hellip;<\/p>\n<p class=\"more-link-p\"><a class=\"more-link\" href=\"https:\/\/treiberneu.com\/\">Read more &rarr;<\/a><\/p>\n","protected":false},"author":1,"featured_media":0,"parent":0,"menu_order":0,"comment_status":"closed","ping_status":"open","template":"","meta":{"_lmt_disableupdate":"no","_lmt_disable":"","footnotes":""},"class_list":["post-2","page","type-page","status-publish","hentry"],"_links":{"self":[{"href":"https:\/\/treiberneu.com\/index.php?rest_route=\/wp\/v2\/pages\/2","targetHints":{"allow":["GET"]}}],"collection":[{"href":"https:\/\/treiberneu.com\/index.php?rest_route=\/wp\/v2\/pages"}],"about":[{"href":"https:\/\/treiberneu.com\/index.php?rest_route=\/wp\/v2\/types\/page"}],"author":[{"embeddable":true,"href":"https:\/\/treiberneu.com\/index.php?rest_route=\/wp\/v2\/users\/1"}],"replies":[{"embeddable":true,"href":"https:\/\/treiberneu.com\/index.php?rest_route=%2Fwp%2Fv2%2Fcomments&post=2"}],"version-history":[{"count":6,"href":"https:\/\/treiberneu.com\/index.php?rest_route=\/wp\/v2\/pages\/2\/revisions"}],"predecessor-version":[{"id":76401,"href":"https:\/\/treiberneu.com\/index.php?rest_route=\/wp\/v2\/pages\/2\/revisions\/76401"}],"wp:attachment":[{"href":"https:\/\/treiberneu.com\/index.php?rest_route=%2Fwp%2Fv2%2Fmedia&parent=2"}],"curies":[{"name":"wp","href":"https:\/\/api.w.org\/{rel}","templated":true}]}}