{"id":76381,"date":"2025-10-18T18:13:59","date_gmt":"2025-10-18T15:13:59","guid":{"rendered":"https:\/\/treiberneu.com\/?page_id=76381"},"modified":"2025-10-19T09:56:43","modified_gmt":"2025-10-19T06:56:43","slug":"disclaimer","status":"publish","type":"page","link":"https:\/\/treiberneu.com\/?page_id=76381","title":{"rendered":"Haftungsausschluss (Disclaimer)"},"content":{"rendered":"<p>TreiberNeu ist eine unabh\u00e4ngige Informationsplattform, die ihren Nutzern kostenlose Hilfestellung rund um die Installation und Aktualisierung von Ger\u00e4tetreibern bietet. Wir stehen in keiner Verbindung zu Herstellern, Marken oder H\u00e4ndlern und werden von diesen weder gesponsert noch beauftragt.<\/p>\n<p>Alle Produktbezeichnungen, Logos und Marken, die auf dieser Website erw\u00e4hnt werden, sind Eigentum der jeweiligen Rechteinhaber. Ihre Nennung dient ausschlie\u00dflich der eindeutigen Identifikation und stellt keine Empfehlung oder Zusammenarbeit dar.<\/p>\n<p>Die bereitgestellten Inhalte und Anleitungen auf TreiberNeu dienen nur zu Informationszwecken. Obwohl wir gro\u00dfen Wert auf Richtigkeit und Vollst\u00e4ndigkeit legen, k\u00f6nnen wir keine Gew\u00e4hr daf\u00fcr \u00fcbernehmen, dass alle Angaben jederzeit aktuell oder fehlerfrei sind. Nutzer sollten stets die Informationen auf den offiziellen Supportseiten der jeweiligen Hersteller pr\u00fcfen, bevor sie Software oder Treiber installieren.<\/p>\n<p>TreiberNeu hostet, ver\u00e4ndert oder verteilt keine Treiberdateien. Alle Download-Links f\u00fchren ausschlie\u00dflich zu den offiziellen Webseiten der Hersteller. Wir empfehlen, keine Treiber aus unbekannten oder inoffiziellen Quellen herunterzuladen, da dies Sicherheitsrisiken bergen kann.<\/p>\n<p>Die Nutzung der Website und ihrer Inhalte erfolgt auf eigene Verantwortung. TreiberNeu \u00fcbernimmt keine Haftung f\u00fcr Sch\u00e4den, Datenverlust oder Systemfehler, die durch fehlerhafte Installation, inkompatible Software oder falsche Handhabung entstehen k\u00f6nnen.<\/p>\n<p>Wir behalten uns das Recht vor, Inhalte ohne vorherige Ank\u00fcndigung zu \u00e4ndern, zu erg\u00e4nzen oder zu entfernen, um die Genauigkeit und Aktualit\u00e4t unserer Informationen sicherzustellen.<\/p>\n<p>Sollten Sie fehlerhafte oder veraltete Informationen entdecken, bitten wir um eine kurze Nachricht \u00fcber unser <a href=\"https:\/\/treiberneu.com\/?page_id=13742\" target=\"_blank\" rel=\"noopener\">Kontaktformular<\/a>.<\/p>\n<p><script type=\"application\/ld+json\">\n{\n  \"@context\": \"https:\/\/schema.org\",\n  \"@type\": \"WebPage\",\n  \"url\": \"https:\/\/treiberneu.com\/?page_id=76381\",\n  \"mainEntityOfPage\": {\n    \"@type\": \"WebPage\",\n    \"@id\": \"https:\/\/treiberneu.com\/?page_id=76381\"\n  },\n  \"headline\": \"Haftungsausschluss\",\n  \"inLanguage\": \"de\",\n  \"dateModified\": \"2025-10-19\",\n  \"description\": \"TreiberNeu ist unabh\u00e4ngig und nicht mit Herstellern verbunden. Inhalte dienen Informationszwecken. Keine Haftung f\u00fcr Sch\u00e4den oder fehlerhafte Installationen. Offizielle Links nur zu Originalquellen.\",\n  \"isPartOf\": {\n    \"@type\": \"WebSite\",\n    \"name\": \"TreiberNeu\",\n    \"url\": \"https:\/\/treiberneu.com\"\n  },\n  \"publisher\": {\n    \"@type\": \"Organization\",\n    \"name\": \"TreiberNeu\",\n    \"url\": \"https:\/\/treiberneu.com\",\n    \"logo\": {\n      \"@type\": \"ImageObject\",\n      \"url\": \"https:\/\/treiberneu.com\/wp-content\/uploads\/2023\/11\/treiberneu.webp\"\n    }\n  }\n}\n<\/script><\/p>\n<div class=\"social-share-buttons\"><a href=\"https:\/\/www.facebook.com\/sharer\/sharer.php?u=https:\/\/treiberneu.com\/?page_id=76381\" target=\"_blank\" rel=\"noopener\">Facebook<\/a><a href=\"https:\/\/twitter.com\/intent\/tweet?url=https:\/\/treiberneu.com\/?page_id=76381&text=Haftungsausschluss+%28Disclaimer%29\" target=\"_blank\" rel=\"noopener\">Twitter<\/a><a href=\"https:\/\/www.linkedin.com\/shareArticle?url=https:\/\/treiberneu.com\/?page_id=76381&title=Haftungsausschluss+%28Disclaimer%29\" target=\"_blank\" rel=\"noopener\">LinkedIn<\/a><a href=\"https:\/\/pinterest.com\/pin\/create\/button\/?url=https:\/\/treiberneu.com\/?page_id=76381&description=Haftungsausschluss+%28Disclaimer%29\" target=\"_blank\" rel=\"noopener\">Pinterest<\/a><\/div>","protected":false},"excerpt":{"rendered":"<p>TreiberNeu ist eine unabh\u00e4ngige Informationsplattform, die ihren Nutzern kostenlose Hilfestellung rund um die Installation und Aktualisierung von Ger\u00e4tetreibern bietet. Wir stehen in keiner Verbindung zu Herstellern, Marken oder H\u00e4ndlern und werden von diesen weder gesponsert noch beauftragt. Alle Produktbezeichnungen, Logos&hellip;<\/p>\n<p class=\"more-link-p\"><a class=\"more-link\" href=\"https:\/\/treiberneu.com\/?page_id=76381\">Read more &rarr;<\/a><\/p>\n","protected":false},"author":1,"featured_media":0,"parent":0,"menu_order":0,"comment_status":"closed","ping_status":"closed","template":"","meta":{"_lmt_disableupdate":"no","_lmt_disable":"","footnotes":""},"class_list":["post-76381","page","type-page","status-publish","hentry"],"_links":{"self":[{"href":"https:\/\/treiberneu.com\/index.php?rest_route=\/wp\/v2\/pages\/76381","targetHints":{"allow":["GET"]}}],"collection":[{"href":"https:\/\/treiberneu.com\/index.php?rest_route=\/wp\/v2\/pages"}],"about":[{"href":"https:\/\/treiberneu.com\/index.php?rest_route=\/wp\/v2\/types\/page"}],"author":[{"embeddable":true,"href":"https:\/\/treiberneu.com\/index.php?rest_route=\/wp\/v2\/users\/1"}],"replies":[{"embeddable":true,"href":"https:\/\/treiberneu.com\/index.php?rest_route=%2Fwp%2Fv2%2Fcomments&post=76381"}],"version-history":[{"count":4,"href":"https:\/\/treiberneu.com\/index.php?rest_route=\/wp\/v2\/pages\/76381\/revisions"}],"predecessor-version":[{"id":76393,"href":"https:\/\/treiberneu.com\/index.php?rest_route=\/wp\/v2\/pages\/76381\/revisions\/76393"}],"wp:attachment":[{"href":"https:\/\/treiberneu.com\/index.php?rest_route=%2Fwp%2Fv2%2Fmedia&parent=76381"}],"curies":[{"name":"wp","href":"https:\/\/api.w.org\/{rel}","templated":true}]}}